{"id":99,"date":"2025-03-14T09:00:58","date_gmt":"2025-03-14T07:00:58","guid":{"rendered":"https:\/\/unionprofesionaldegalicia.org\/?page_id=99"},"modified":"2025-03-19T15:19:31","modified_gmt":"2025-03-19T13:19:31","slug":"politicas-de-cookies","status":"publish","type":"page","link":"https:\/\/unionprofesionaldegalicia.org\/gl\/politicas-de-cookies\/","title":{"rendered":"Pol\u00edticas de Cookies"},"content":{"rendered":"<p>[et_pb_section fb_built=\u00bb1&#8243; _builder_version=\u00bb4.16&#8243; global_colors_info=\u00bb{}\u00bb][et_pb_row _builder_version=\u00bb4.16&#8243; background_size=\u00bbinitial\u00bb background_position=\u00bbtop_left\u00bb background_repeat=\u00bbrepeat\u00bb global_colors_info=\u00bb{}\u00bb][et_pb_column type=\u00bb4_4&#8243; _builder_version=\u00bb4.16&#8243; custom_padding=\u00bb|||\u00bb global_colors_info=\u00bb{}\u00bb custom_padding__hover=\u00bb|||\u00bb][et_pb_text _builder_version=\u00bb4.27.4&#8243; header_3_font=\u00bb||||||||\u00bb header_3_font_size=\u00bb26px\u00bb header_4_font_size=\u00bb26px\u00bb header_5_font_size=\u00bb26px\u00bb background_size=\u00bbinitial\u00bb background_position=\u00bbtop_left\u00bb background_repeat=\u00bbrepeat\u00bb global_colors_info=\u00bb{}\u00bb hover_enabled=\u00bb0&#8243; sticky_enabled=\u00bb0&#8243;]<\/p>\n<p><!-- divi:heading --><\/p>\n<p data-pm-slice=\"0 0 []\"><span><strong>POL\u00cdTICA DE COOKIES<\/strong><\/span><\/p>\n<p><span>En Uni\u00f3n Profesional de Galicia utilizamos cookies propias y de terceros para mejorar nuestros servicios, optimizar la navegaci\u00f3n y ofrecer contenidos personalizados en nuestra web <\/span><span><a disabled=\"disabled\">https:\/\/unionprofesionaldegalicia.org<\/a><\/span><span>.<\/span><\/p>\n<p><span>La presente Pol\u00edtica de Cookies cumple con lo establecido en la normativa vigente espa\u00f1ola (Ley 34\/2002, de 11 de julio, de Servicios de la Sociedad de la Informaci\u00f3n y de Comercio Electr\u00f3nico -LSSI-, y Reglamento (UE) 2016\/679 General de Protecci\u00f3n de Datos -RGPD-).<\/span><\/p>\n<p><span><strong>\u00bfQu\u00e9 son las cookies?<\/strong><\/span><\/p>\n<p><span>Las cookies son peque\u00f1os archivos que se almacenan en el navegador del usuario al acceder a determinadas p\u00e1ginas web. Estas permiten almacenar informaci\u00f3n sobre h\u00e1bitos de navegaci\u00f3n para facilitar posteriores visitas y ofrecer servicios adaptados al perfil del usuario.<\/span><\/p>\n<p><span><strong>Tipos de cookies utilizadas en nuestra web:<\/strong><\/span><\/p>\n<p><span><strong>Seg\u00fan su duraci\u00f3n:<\/strong><\/span><\/p>\n<ul data-spread=\"false\">\n<li>\n<p><span><strong>Cookies de sesi\u00f3n:<\/strong><\/span><span> Temporales, permanecen solo durante la visita del usuario y se eliminan al cerrar el navegador.<\/span><\/p>\n<\/li>\n<li>\n<p><span><strong>Cookies persistentes:<\/strong><\/span><span> Permanecen almacenadas en el dispositivo hasta su fecha de caducidad o hasta que el usuario las elimine manualmente.<\/span><\/p>\n<\/li>\n<\/ul>\n<p><span><strong>Seg\u00fan la entidad que las gestiona:<\/strong><\/span><\/p>\n<ul data-spread=\"false\">\n<li>\n<p><span><strong>Cookies propias:<\/strong><\/span><span> Enviadas y gestionadas directamente por Uni\u00f3n Profesional de Galicia.<\/span><\/p>\n<\/li>\n<li>\n<p><span><strong>Cookies de terceros:<\/strong><\/span><span> Gestionadas por entidades externas como Google o redes sociales.<\/span><\/p>\n<\/li>\n<\/ul>\n<p><span><strong>Seg\u00fan su finalidad:<\/strong><\/span><\/p>\n<ul data-spread=\"false\">\n<li>\n<p><span><strong>Cookies t\u00e9cnicas:<\/strong><\/span><span> Permiten al usuario navegar correctamente y utilizar las funcionalidades de la web.<\/span><\/p>\n<\/li>\n<li>\n<p><span><strong>Cookies de personalizaci\u00f3n:<\/strong><\/span><span> Facilitan que el usuario acceda con caracter\u00edsticas predefinidas, como idioma o configuraci\u00f3n regional.<\/span><\/p>\n<\/li>\n<li>\n<p><span><strong>Cookies de an\u00e1lisis o medici\u00f3n:<\/strong><\/span><span> Permiten analizar estad\u00edsticamente la actividad en la web para mejorar el servicio ofrecido.<\/span><\/p>\n<\/li>\n<li>\n<p><span><strong>Cookies publicitarias:<\/strong><\/span><span> Recogen informaci\u00f3n sobre la navegaci\u00f3n para mostrar publicidad relevante seg\u00fan los intereses del usuario.<\/span><\/p>\n<\/li>\n<\/ul>\n<p><span><strong>Cookies de terceros usadas en nuestra web:<\/strong><\/span><\/p>\n<ul data-spread=\"true\">\n<li>\n<p><span><strong>Google Analytics:<\/strong><\/span><\/p>\n<ul data-spread=\"false\">\n<li>\n<p><span>Cookies: _utma, _utmb, _utmc, _utmz<\/span><\/p>\n<\/li>\n<li>\n<p><span>Finalidad: Analizan el comportamiento y tr\u00e1fico web para realizar estad\u00edsticas.<\/span><\/p>\n<\/li>\n<li>\n<p><span>Duraci\u00f3n: Hasta 90 d\u00edas.<\/span><\/p>\n<\/li>\n<li>\n<p><span>M\u00e1s informaci\u00f3n: <\/span><span><a disabled=\"disabled\">Pol\u00edtica de Privacidad de Google<\/a><\/span><\/p>\n<\/li>\n<\/ul>\n<\/li>\n<li>\n<p><span><strong>Google:<\/strong><\/span><\/p>\n<ul data-spread=\"false\">\n<li>\n<p><span>Cookies: Nid, identificador de canal<\/span><\/p>\n<\/li>\n<li>\n<p><span>Finalidad: Recopilan an\u00f3nimamente h\u00e1bitos de navegaci\u00f3n.<\/span><\/p>\n<\/li>\n<li>\n<p><span>Duraci\u00f3n: Hasta 90 d\u00edas.<\/span><\/p>\n<\/li>\n<li>\n<p><span>M\u00e1s informaci\u00f3n: <\/span><span><a disabled=\"disabled\">Pol\u00edtica de Privacidad de Google<\/a><\/span><\/p>\n<\/li>\n<\/ul>\n<\/li>\n<li>\n<p><span><strong>Facebook:<\/strong><\/span><\/p>\n<ul data-spread=\"false\">\n<li>\n<p><span>Cookies: Act, c_user, csm, datr, fl, lu, p, presence, s, sub, xs<\/span><\/p>\n<\/li>\n<li>\n<p><span>Finalidad: Facilitan compartir contenidos en redes sociales.<\/span><\/p>\n<\/li>\n<li>\n<p><span>Duraci\u00f3n: Hasta 90 d\u00edas.<\/span><\/p>\n<\/li>\n<li>\n<p><span>M\u00e1s informaci\u00f3n: <\/span><a href=\"https:\/\/es-es.facebook.com\/policy.php\" disabled=\"disabled\"><span>Pol\u00edtica de Privacidad de Facebook<\/span><\/a><\/p>\n<\/li>\n<\/ul>\n<\/li>\n<\/ul>\n<p><span><strong>Cookies de Redes Sociales:<\/strong><\/span><\/p>\n<p><span>Al compartir contenidos desde nuestra web en redes sociales como Facebook, Instagram o Twitter, estas plataformas pueden instalar cookies propias. Uni\u00f3n Profesional de Galicia no controla estas cookies, por lo que recomendamos revisar las pol\u00edticas espec\u00edficas de cada red social.<\/span><\/p>\n<p><span><strong>Configuraci\u00f3n y desactivaci\u00f3n de cookies:<\/strong><\/span><\/p>\n<p><span>Puedes gestionar o eliminar las cookies desde tu navegador web:<\/span><\/p>\n<ul data-spread=\"false\">\n<li>\n<p><span><a disabled=\"disabled\">Google Chrome<\/a><\/span><\/p>\n<\/li>\n<li>\n<p><a href=\"https:\/\/support.mozilla.org\/es\/kb\/Borrar%20cookies\" disabled=\"disabled\"><span>Mozilla Firefox<\/span><\/a><\/p>\n<\/li>\n<li>\n<p><a href=\"https:\/\/support.microsoft.com\/es-es\/help\/17442\/windows-internet-explorer-delete-manage-cookies\" disabled=\"disabled\"><span>Internet Explorer<\/span><\/a><\/p>\n<\/li>\n<li>\n<p><a href=\"https:\/\/support.apple.com\/es-es\/guide\/safari\/sfri11471\/mac\" disabled=\"disabled\"><span>Safari<\/span><\/a><\/p>\n<\/li>\n<\/ul>\n<p><span>Si bloqueas las cookies es posible que algunas funciones y servicios no est\u00e9n disponibles o se vean limitados.<\/span><\/p>\n<p><span><strong>Informaci\u00f3n adicional:<\/strong><\/span><\/p>\n<p><span>Si necesitas m\u00e1s informaci\u00f3n sobre el uso de cookies en nuestra web, puedes contactar con nosotros enviando un correo electr\u00f3nico a: secretaria@unionprofesionaldegalicia.orgr<\/span><\/p>\n<p><span>Fecha de \u00faltima actualizaci\u00f3n: marzo 2025.<\/span><\/p>\n<p><!-- \/divi:paragraph --><\/p>\n<p>[\/et_pb_text][\/et_pb_column][\/et_pb_row][\/et_pb_section]<\/p>\n","protected":false},"excerpt":{"rendered":"<p>POL\u00cdTICA DE COOKIES En Uni\u00f3n Profesional de Galicia utilizamos cookies propias y de terceros para mejorar nuestros servicios, optimizar la navegaci\u00f3n y ofrecer contenidos personalizados en nuestra web https:\/\/unionprofesionaldegalicia.org. La presente Pol\u00edtica de Cookies cumple con lo establecido en la normativa vigente espa\u00f1ola (Ley 34\/2002, de 11 de julio, de Servicios de la Sociedad de [&hellip;]<\/p>\n","protected":false},"author":2,"featured_media":0,"parent":0,"menu_order":0,"comment_status":"closed","ping_status":"closed","template":"","meta":{"_et_pb_use_builder":"on","_et_pb_old_content":"","_et_gb_content_width":"","footnotes":""},"class_list":["post-99","page","type-page","status-publish","hentry"],"yoast_head":"<!-- This site is optimized with the Yoast SEO plugin v27.3 - https:\/\/yoast.com\/product\/yoast-seo-wordpress\/ -->\n<title>Pol\u00edticas de Cookies - Uni\u00f3n Profesional de Galicia<\/title>\n<meta name=\"robots\" content=\"index, follow, max-snippet:-1, max-image-preview:large, max-video-preview:-1\" \/>\n<link rel=\"canonical\" href=\"https:\/\/unionprofesionaldegalicia.org\/gl\/politicas-de-cookies\/\" \/>\n<meta property=\"og:locale\" content=\"gl_ES\" \/>\n<meta property=\"og:type\" content=\"article\" \/>\n<meta property=\"og:title\" content=\"Pol\u00edticas de Cookies - Uni\u00f3n Profesional de Galicia\" \/>\n<meta property=\"og:description\" content=\"POL\u00cdTICA DE COOKIES En Uni\u00f3n Profesional de Galicia utilizamos cookies propias y de terceros para mejorar nuestros servicios, optimizar la navegaci\u00f3n y ofrecer contenidos personalizados en nuestra web https:\/\/unionprofesionaldegalicia.org. La presente Pol\u00edtica de Cookies cumple con lo establecido en la normativa vigente espa\u00f1ola (Ley 34\/2002, de 11 de julio, de Servicios de la Sociedad de [&hellip;]\" \/>\n<meta property=\"og:url\" content=\"https:\/\/unionprofesionaldegalicia.org\/gl\/politicas-de-cookies\/\" \/>\n<meta property=\"og:site_name\" content=\"Uni\u00f3n Profesional de Galicia\" \/>\n<meta property=\"article:modified_time\" content=\"2025-03-19T13:19:31+00:00\" \/>\n<meta name=\"twitter:card\" content=\"summary_large_image\" \/>\n<meta name=\"twitter:label1\" content=\"Tempo de lectura\" \/>\n\t<meta name=\"twitter:data1\" content=\"3 minutos\" \/>\n<script type=\"application\/ld+json\" class=\"yoast-schema-graph\">{\"@context\":\"https:\\\/\\\/schema.org\",\"@graph\":[{\"@type\":\"WebPage\",\"@id\":\"https:\\\/\\\/unionprofesionaldegalicia.org\\\/politicas-de-cookies\\\/\",\"url\":\"https:\\\/\\\/unionprofesionaldegalicia.org\\\/politicas-de-cookies\\\/\",\"name\":\"Pol\u00edticas de Cookies - Uni\u00f3n Profesional de Galicia\",\"isPartOf\":{\"@id\":\"https:\\\/\\\/unionprofesionaldegalicia.org\\\/#website\"},\"datePublished\":\"2025-03-14T07:00:58+00:00\",\"dateModified\":\"2025-03-19T13:19:31+00:00\",\"breadcrumb\":{\"@id\":\"https:\\\/\\\/unionprofesionaldegalicia.org\\\/politicas-de-cookies\\\/#breadcrumb\"},\"inLanguage\":\"gl-ES\",\"potentialAction\":[{\"@type\":\"ReadAction\",\"target\":[\"https:\\\/\\\/unionprofesionaldegalicia.org\\\/politicas-de-cookies\\\/\"]}]},{\"@type\":\"BreadcrumbList\",\"@id\":\"https:\\\/\\\/unionprofesionaldegalicia.org\\\/politicas-de-cookies\\\/#breadcrumb\",\"itemListElement\":[{\"@type\":\"ListItem\",\"position\":1,\"name\":\"Portada\",\"item\":\"https:\\\/\\\/unionprofesionaldegalicia.org\\\/\"},{\"@type\":\"ListItem\",\"position\":2,\"name\":\"Pol\u00edticas de Cookies\"}]},{\"@type\":\"WebSite\",\"@id\":\"https:\\\/\\\/unionprofesionaldegalicia.org\\\/#website\",\"url\":\"https:\\\/\\\/unionprofesionaldegalicia.org\\\/\",\"name\":\"Uni\u00f3n Profesional de Galicia\",\"description\":\"La Uni\u00f3n Profesional de Galicia es la entidad que agrupa a 44 colegios profesionales y act\u00faa como nexo entre ellos y la Administraci\u00f3n para impulsar iniciativas que fortalecen el ejercicio profesional y mejoran la actividad judicial.\",\"publisher\":{\"@id\":\"https:\\\/\\\/unionprofesionaldegalicia.org\\\/#organization\"},\"potentialAction\":[{\"@type\":\"SearchAction\",\"target\":{\"@type\":\"EntryPoint\",\"urlTemplate\":\"https:\\\/\\\/unionprofesionaldegalicia.org\\\/?s={search_term_string}\"},\"query-input\":{\"@type\":\"PropertyValueSpecification\",\"valueRequired\":true,\"valueName\":\"search_term_string\"}}],\"inLanguage\":\"gl-ES\"},{\"@type\":\"Organization\",\"@id\":\"https:\\\/\\\/unionprofesionaldegalicia.org\\\/#organization\",\"name\":\"Uni\u00f3n Profesional de Galicia\",\"url\":\"https:\\\/\\\/unionprofesionaldegalicia.org\\\/\",\"logo\":{\"@type\":\"ImageObject\",\"inLanguage\":\"gl-ES\",\"@id\":\"https:\\\/\\\/unionprofesionaldegalicia.org\\\/#\\\/schema\\\/logo\\\/image\\\/\",\"url\":\"https:\\\/\\\/unionprofesionaldegalicia.org\\\/wp-content\\\/uploads\\\/2024\\\/12\\\/Logo-Union-Profesional.jpg\",\"contentUrl\":\"https:\\\/\\\/unionprofesionaldegalicia.org\\\/wp-content\\\/uploads\\\/2024\\\/12\\\/Logo-Union-Profesional.jpg\",\"width\":200,\"height\":71,\"caption\":\"Uni\u00f3n Profesional de Galicia\"},\"image\":{\"@id\":\"https:\\\/\\\/unionprofesionaldegalicia.org\\\/#\\\/schema\\\/logo\\\/image\\\/\"}}]}<\/script>\n<!-- \/ Yoast SEO plugin. -->","yoast_head_json":{"title":"Pol\u00edticas de Cookies - Uni\u00f3n Profesional de Galicia","robots":{"index":"index","follow":"follow","max-snippet":"max-snippet:-1","max-image-preview":"max-image-preview:large","max-video-preview":"max-video-preview:-1"},"canonical":"https:\/\/unionprofesionaldegalicia.org\/gl\/politicas-de-cookies\/","og_locale":"gl_ES","og_type":"article","og_title":"Pol\u00edticas de Cookies - Uni\u00f3n Profesional de Galicia","og_description":"POL\u00cdTICA DE COOKIES En Uni\u00f3n Profesional de Galicia utilizamos cookies propias y de terceros para mejorar nuestros servicios, optimizar la navegaci\u00f3n y ofrecer contenidos personalizados en nuestra web https:\/\/unionprofesionaldegalicia.org. La presente Pol\u00edtica de Cookies cumple con lo establecido en la normativa vigente espa\u00f1ola (Ley 34\/2002, de 11 de julio, de Servicios de la Sociedad de [&hellip;]","og_url":"https:\/\/unionprofesionaldegalicia.org\/gl\/politicas-de-cookies\/","og_site_name":"Uni\u00f3n Profesional de Galicia","article_modified_time":"2025-03-19T13:19:31+00:00","twitter_card":"summary_large_image","twitter_misc":{"Tempo de lectura":"3 minutos"},"schema":{"@context":"https:\/\/schema.org","@graph":[{"@type":"WebPage","@id":"https:\/\/unionprofesionaldegalicia.org\/politicas-de-cookies\/","url":"https:\/\/unionprofesionaldegalicia.org\/politicas-de-cookies\/","name":"Pol\u00edticas de Cookies - Uni\u00f3n Profesional de Galicia","isPartOf":{"@id":"https:\/\/unionprofesionaldegalicia.org\/#website"},"datePublished":"2025-03-14T07:00:58+00:00","dateModified":"2025-03-19T13:19:31+00:00","breadcrumb":{"@id":"https:\/\/unionprofesionaldegalicia.org\/politicas-de-cookies\/#breadcrumb"},"inLanguage":"gl-ES","potentialAction":[{"@type":"ReadAction","target":["https:\/\/unionprofesionaldegalicia.org\/politicas-de-cookies\/"]}]},{"@type":"BreadcrumbList","@id":"https:\/\/unionprofesionaldegalicia.org\/politicas-de-cookies\/#breadcrumb","itemListElement":[{"@type":"ListItem","position":1,"name":"Portada","item":"https:\/\/unionprofesionaldegalicia.org\/"},{"@type":"ListItem","position":2,"name":"Pol\u00edticas de Cookies"}]},{"@type":"WebSite","@id":"https:\/\/unionprofesionaldegalicia.org\/#website","url":"https:\/\/unionprofesionaldegalicia.org\/","name":"Uni\u00f3n Profesional de Galicia","description":"La Uni\u00f3n Profesional de Galicia es la entidad que agrupa a 44 colegios profesionales y act\u00faa como nexo entre ellos y la Administraci\u00f3n para impulsar iniciativas que fortalecen el ejercicio profesional y mejoran la actividad judicial.","publisher":{"@id":"https:\/\/unionprofesionaldegalicia.org\/#organization"},"potentialAction":[{"@type":"SearchAction","target":{"@type":"EntryPoint","urlTemplate":"https:\/\/unionprofesionaldegalicia.org\/?s={search_term_string}"},"query-input":{"@type":"PropertyValueSpecification","valueRequired":true,"valueName":"search_term_string"}}],"inLanguage":"gl-ES"},{"@type":"Organization","@id":"https:\/\/unionprofesionaldegalicia.org\/#organization","name":"Uni\u00f3n Profesional de Galicia","url":"https:\/\/unionprofesionaldegalicia.org\/","logo":{"@type":"ImageObject","inLanguage":"gl-ES","@id":"https:\/\/unionprofesionaldegalicia.org\/#\/schema\/logo\/image\/","url":"https:\/\/unionprofesionaldegalicia.org\/wp-content\/uploads\/2024\/12\/Logo-Union-Profesional.jpg","contentUrl":"https:\/\/unionprofesionaldegalicia.org\/wp-content\/uploads\/2024\/12\/Logo-Union-Profesional.jpg","width":200,"height":71,"caption":"Uni\u00f3n Profesional de Galicia"},"image":{"@id":"https:\/\/unionprofesionaldegalicia.org\/#\/schema\/logo\/image\/"}}]}},"_links":{"self":[{"href":"https:\/\/unionprofesionaldegalicia.org\/gl\/wp-json\/wp\/v2\/pages\/99","targetHints":{"allow":["GET"]}}],"collection":[{"href":"https:\/\/unionprofesionaldegalicia.org\/gl\/wp-json\/wp\/v2\/pages"}],"about":[{"href":"https:\/\/unionprofesionaldegalicia.org\/gl\/wp-json\/wp\/v2\/types\/page"}],"author":[{"embeddable":true,"href":"https:\/\/unionprofesionaldegalicia.org\/gl\/wp-json\/wp\/v2\/users\/2"}],"replies":[{"embeddable":true,"href":"https:\/\/unionprofesionaldegalicia.org\/gl\/wp-json\/wp\/v2\/comments?post=99"}],"version-history":[{"count":7,"href":"https:\/\/unionprofesionaldegalicia.org\/gl\/wp-json\/wp\/v2\/pages\/99\/revisions"}],"predecessor-version":[{"id":1280,"href":"https:\/\/unionprofesionaldegalicia.org\/gl\/wp-json\/wp\/v2\/pages\/99\/revisions\/1280"}],"wp:attachment":[{"href":"https:\/\/unionprofesionaldegalicia.org\/gl\/wp-json\/wp\/v2\/media?parent=99"}],"curies":[{"name":"wp","href":"https:\/\/api.w.org\/{rel}","templated":true}]}}