{"id":875,"date":"2025-03-19T15:14:46","date_gmt":"2025-03-19T13:14:46","guid":{"rendered":"https:\/\/unionprofesionaldegalicia.org\/?page_id=875"},"modified":"2025-03-19T15:22:25","modified_gmt":"2025-03-19T13:22:25","slug":"aviso-legal","status":"publish","type":"page","link":"https:\/\/unionprofesionaldegalicia.org\/gl\/aviso-legal\/","title":{"rendered":"Aviso legal"},"content":{"rendered":"<p>[et_pb_section fb_built=\u00bb1&#8243; _builder_version=\u00bb4.16&#8243; global_colors_info=\u00bb{}\u00bb][et_pb_row _builder_version=\u00bb4.16&#8243; background_size=\u00bbinitial\u00bb background_position=\u00bbtop_left\u00bb background_repeat=\u00bbrepeat\u00bb global_colors_info=\u00bb{}\u00bb][et_pb_column type=\u00bb4_4&#8243; _builder_version=\u00bb4.16&#8243; custom_padding=\u00bb|||\u00bb global_colors_info=\u00bb{}\u00bb custom_padding__hover=\u00bb|||\u00bb][et_pb_text _builder_version=\u00bb4.27.4&#8243; header_3_font=\u00bb||||||||\u00bb header_3_font_size=\u00bb26px\u00bb header_4_font_size=\u00bb26px\u00bb header_5_font_size=\u00bb26px\u00bb background_size=\u00bbinitial\u00bb background_position=\u00bbtop_left\u00bb background_repeat=\u00bbrepeat\u00bb hover_enabled=\u00bb0&#8243; global_colors_info=\u00bb{}\u00bb sticky_enabled=\u00bb0&#8243;]<\/p>\n<p><!-- divi:heading --><\/p>\n<p data-pm-slice=\"1 1 []\"><span><strong>AVISO LEGAL<\/strong><\/span><\/p>\n<p><span>En cumplimiento con el art\u00edculo 10 de la Ley 34\/2002, del 11 de julio, de Servicios de la Sociedad de la Informaci\u00f3n y Comercio Electr\u00f3nico (LSSI), informamos que la titularidad del sitio web <\/span><span><a disabled=\"disabled\">https:\/\/unionprofesionaldegalicia.org<\/a><\/span><span> corresponde a:<\/span><\/p>\n<ul data-spread=\"false\">\n<li><span><strong>Titular:<\/strong><\/span><span> Asociaci\u00f3n Uni\u00f3n Profesional de Galicia<\/span><\/li>\n<li><span><strong>CIF\/NIF:<\/strong><\/span><span> G15440258<\/span><\/li>\n<li><span><strong>Domicilio social:<\/strong><\/span><span> Santiago de Compostela, 15701 Santiago de Compostela, La Coru\u00f1a<\/span><\/li>\n<li><span><strong>Correo electr\u00f3nico de contacto:<\/strong><\/span><span> <\/span><span><a disabled=\"disabled\">secretaria@unionprofesionaldegalicia.org<\/a><\/span><\/li>\n<\/ul>\n<p><span><strong>Objeto<\/strong><\/span><\/p>\n<p><span>El presente Aviso Legal regula el acceso, navegaci\u00f3n y uso del sitio web de Uni\u00f3n Profesional de Galicia, as\u00ed como las responsabilidades derivadas de la utilizaci\u00f3n de sus contenidos.<\/span><\/p>\n<p><span>El acceso o utilizaci\u00f3n del sitio web atribuye la condici\u00f3n de usuario, que acepta, desde dicho acceso o uso, las presentes condiciones.<\/span><\/p>\n<p><span><strong>Condiciones de Uso<\/strong><\/span><\/p>\n<p><span>El usuario se compromete a utilizar los contenidos y servicios del sitio web conforme a la ley, el presente Aviso Legal, las buenas costumbres y el orden p\u00fablico. Asimismo, el usuario se obliga a no utilizar el sitio web con fines il\u00edcitos o lesivos para terceros o que puedan causar perjuicio o impedir el normal funcionamiento del sitio.<\/span><\/p>\n<p><span><strong>Propiedad Intelectual e Industrial<\/strong><\/span><\/p>\n<p><span>Todos los contenidos del sitio web, incluyendo textos, im\u00e1genes, gr\u00e1ficos, dise\u00f1o, c\u00f3digo fuente, logos, marcas y dem\u00e1s elementos, son propiedad de Uni\u00f3n Profesional de Galicia o de terceros que han autorizado su uso. Quedan expresamente prohibidas la reproducci\u00f3n, distribuci\u00f3n, comunicaci\u00f3n p\u00fablica o transformaci\u00f3n, total o parcial, sin autorizaci\u00f3n expresa de Uni\u00f3n Profesional de Galicia.<\/span><\/p>\n<p><span><strong>Enlaces externos<\/strong><\/span><\/p>\n<p><span>El sitio web puede contener enlaces a otras p\u00e1ginas gestionadas por terceros sobre las cuales Uni\u00f3n Profesional de Galicia no ejerce control alguno ni asume responsabilidad por su contenido. La presencia de estos enlaces tiene una finalidad informativa y no implica necesariamente aprobaci\u00f3n o recomendaci\u00f3n por parte de Uni\u00f3n Profesional de Galicia.<\/span><\/p>\n<p><span><strong>Limitaci\u00f3n de Responsabilidad<\/strong><\/span><\/p>\n<p><span>Uni\u00f3n Profesional de Galicia no garantiza la disponibilidad continua del sitio web ni la ausencia de errores o interrupciones en el acceso. Asimismo, no asume responsabilidad por da\u00f1os o perjuicios derivados del uso de la informaci\u00f3n contenida en este sitio web.<\/span><\/p>\n<p><span><strong>Modificaci\u00f3n del Aviso Legal<\/strong><\/span><\/p>\n<p><span>Uni\u00f3n Profesional de Galicia se reserva el derecho a modificar el presente Aviso Legal en cualquier momento. Las modificaciones ser\u00e1n publicadas en este mismo sitio web y ser\u00e1 responsabilidad del usuario revisar peri\u00f3dicamente este Aviso Legal para conocer sus actualizaciones.<\/span><\/p>\n<p><span><strong>Legislaci\u00f3n aplicable y Jurisdicci\u00f3n<\/strong><\/span><\/p>\n<p><span>Las presentes condiciones se regir\u00e1n e interpretar\u00e1n conforme a la legislaci\u00f3n espa\u00f1ola. Para la resoluci\u00f3n de cualquier controversia que pueda surgir en relaci\u00f3n con el sitio web, las partes se someten expresamente a los juzgados y tribunales competentes de Galicia, renunciando expresamente a cualquier otro fuero.<\/span><\/p>\n<p><span>Fecha de \u00faltima actualizaci\u00f3n: marzo de 2025.<\/span><\/p>\n<p><!-- \/divi:paragraph --><\/p>\n<p>[\/et_pb_text][\/et_pb_column][\/et_pb_row][\/et_pb_section]<\/p>\n","protected":false},"excerpt":{"rendered":"<p>AVISO LEGAL En cumplimiento con el art\u00edculo 10 de la Ley 34\/2002, del 11 de julio, de Servicios de la Sociedad de la Informaci\u00f3n y Comercio Electr\u00f3nico (LSSI), informamos que la titularidad del sitio web https:\/\/unionprofesionaldegalicia.org corresponde a: Titular: Asociaci\u00f3n Uni\u00f3n Profesional de Galicia CIF\/NIF: G15440258 Domicilio social: Santiago de Compostela, 15701 Santiago de Compostela, [&hellip;]<\/p>\n","protected":false},"author":2,"featured_media":0,"parent":0,"menu_order":0,"comment_status":"closed","ping_status":"closed","template":"","meta":{"_et_pb_use_builder":"on","_et_pb_old_content":"","_et_gb_content_width":"","footnotes":""},"class_list":["post-875","page","type-page","status-publish","hentry"],"yoast_head":"<!-- This site is optimized with the Yoast SEO plugin v27.3 - https:\/\/yoast.com\/product\/yoast-seo-wordpress\/ -->\n<title>Aviso legal - Uni\u00f3n Profesional de Galicia<\/title>\n<meta name=\"robots\" content=\"index, follow, max-snippet:-1, max-image-preview:large, max-video-preview:-1\" \/>\n<link rel=\"canonical\" href=\"https:\/\/unionprofesionaldegalicia.org\/gl\/aviso-legal\/\" \/>\n<meta property=\"og:locale\" content=\"gl_ES\" \/>\n<meta property=\"og:type\" content=\"article\" \/>\n<meta property=\"og:title\" content=\"Aviso legal - Uni\u00f3n Profesional de Galicia\" \/>\n<meta property=\"og:description\" content=\"AVISO LEGAL En cumplimiento con el art\u00edculo 10 de la Ley 34\/2002, del 11 de julio, de Servicios de la Sociedad de la Informaci\u00f3n y Comercio Electr\u00f3nico (LSSI), informamos que la titularidad del sitio web https:\/\/unionprofesionaldegalicia.org corresponde a: Titular: Asociaci\u00f3n Uni\u00f3n Profesional de Galicia CIF\/NIF: G15440258 Domicilio social: Santiago de Compostela, 15701 Santiago de Compostela, [&hellip;]\" \/>\n<meta property=\"og:url\" content=\"https:\/\/unionprofesionaldegalicia.org\/gl\/aviso-legal\/\" \/>\n<meta property=\"og:site_name\" content=\"Uni\u00f3n Profesional de Galicia\" \/>\n<meta property=\"article:modified_time\" content=\"2025-03-19T13:22:25+00:00\" \/>\n<meta name=\"twitter:card\" content=\"summary_large_image\" \/>\n<meta name=\"twitter:label1\" content=\"Tempo de lectura\" \/>\n\t<meta name=\"twitter:data1\" content=\"3 minutos\" \/>\n<script type=\"application\/ld+json\" class=\"yoast-schema-graph\">{\"@context\":\"https:\\\/\\\/schema.org\",\"@graph\":[{\"@type\":\"WebPage\",\"@id\":\"https:\\\/\\\/unionprofesionaldegalicia.org\\\/aviso-legal\\\/\",\"url\":\"https:\\\/\\\/unionprofesionaldegalicia.org\\\/aviso-legal\\\/\",\"name\":\"Aviso legal - Uni\u00f3n Profesional de Galicia\",\"isPartOf\":{\"@id\":\"https:\\\/\\\/unionprofesionaldegalicia.org\\\/#website\"},\"datePublished\":\"2025-03-19T13:14:46+00:00\",\"dateModified\":\"2025-03-19T13:22:25+00:00\",\"breadcrumb\":{\"@id\":\"https:\\\/\\\/unionprofesionaldegalicia.org\\\/aviso-legal\\\/#breadcrumb\"},\"inLanguage\":\"gl-ES\",\"potentialAction\":[{\"@type\":\"ReadAction\",\"target\":[\"https:\\\/\\\/unionprofesionaldegalicia.org\\\/aviso-legal\\\/\"]}]},{\"@type\":\"BreadcrumbList\",\"@id\":\"https:\\\/\\\/unionprofesionaldegalicia.org\\\/aviso-legal\\\/#breadcrumb\",\"itemListElement\":[{\"@type\":\"ListItem\",\"position\":1,\"name\":\"Portada\",\"item\":\"https:\\\/\\\/unionprofesionaldegalicia.org\\\/\"},{\"@type\":\"ListItem\",\"position\":2,\"name\":\"Aviso legal\"}]},{\"@type\":\"WebSite\",\"@id\":\"https:\\\/\\\/unionprofesionaldegalicia.org\\\/#website\",\"url\":\"https:\\\/\\\/unionprofesionaldegalicia.org\\\/\",\"name\":\"Uni\u00f3n Profesional de Galicia\",\"description\":\"La Uni\u00f3n Profesional de Galicia es la entidad que agrupa a 44 colegios profesionales y act\u00faa como nexo entre ellos y la Administraci\u00f3n para impulsar iniciativas que fortalecen el ejercicio profesional y mejoran la actividad judicial.\",\"publisher\":{\"@id\":\"https:\\\/\\\/unionprofesionaldegalicia.org\\\/#organization\"},\"potentialAction\":[{\"@type\":\"SearchAction\",\"target\":{\"@type\":\"EntryPoint\",\"urlTemplate\":\"https:\\\/\\\/unionprofesionaldegalicia.org\\\/?s={search_term_string}\"},\"query-input\":{\"@type\":\"PropertyValueSpecification\",\"valueRequired\":true,\"valueName\":\"search_term_string\"}}],\"inLanguage\":\"gl-ES\"},{\"@type\":\"Organization\",\"@id\":\"https:\\\/\\\/unionprofesionaldegalicia.org\\\/#organization\",\"name\":\"Uni\u00f3n Profesional de Galicia\",\"url\":\"https:\\\/\\\/unionprofesionaldegalicia.org\\\/\",\"logo\":{\"@type\":\"ImageObject\",\"inLanguage\":\"gl-ES\",\"@id\":\"https:\\\/\\\/unionprofesionaldegalicia.org\\\/#\\\/schema\\\/logo\\\/image\\\/\",\"url\":\"https:\\\/\\\/unionprofesionaldegalicia.org\\\/wp-content\\\/uploads\\\/2024\\\/12\\\/Logo-Union-Profesional.jpg\",\"contentUrl\":\"https:\\\/\\\/unionprofesionaldegalicia.org\\\/wp-content\\\/uploads\\\/2024\\\/12\\\/Logo-Union-Profesional.jpg\",\"width\":200,\"height\":71,\"caption\":\"Uni\u00f3n Profesional de Galicia\"},\"image\":{\"@id\":\"https:\\\/\\\/unionprofesionaldegalicia.org\\\/#\\\/schema\\\/logo\\\/image\\\/\"}}]}<\/script>\n<!-- \/ Yoast SEO plugin. -->","yoast_head_json":{"title":"Aviso legal - Uni\u00f3n Profesional de Galicia","robots":{"index":"index","follow":"follow","max-snippet":"max-snippet:-1","max-image-preview":"max-image-preview:large","max-video-preview":"max-video-preview:-1"},"canonical":"https:\/\/unionprofesionaldegalicia.org\/gl\/aviso-legal\/","og_locale":"gl_ES","og_type":"article","og_title":"Aviso legal - Uni\u00f3n Profesional de Galicia","og_description":"AVISO LEGAL En cumplimiento con el art\u00edculo 10 de la Ley 34\/2002, del 11 de julio, de Servicios de la Sociedad de la Informaci\u00f3n y Comercio Electr\u00f3nico (LSSI), informamos que la titularidad del sitio web https:\/\/unionprofesionaldegalicia.org corresponde a: Titular: Asociaci\u00f3n Uni\u00f3n Profesional de Galicia CIF\/NIF: G15440258 Domicilio social: Santiago de Compostela, 15701 Santiago de Compostela, [&hellip;]","og_url":"https:\/\/unionprofesionaldegalicia.org\/gl\/aviso-legal\/","og_site_name":"Uni\u00f3n Profesional de Galicia","article_modified_time":"2025-03-19T13:22:25+00:00","twitter_card":"summary_large_image","twitter_misc":{"Tempo de lectura":"3 minutos"},"schema":{"@context":"https:\/\/schema.org","@graph":[{"@type":"WebPage","@id":"https:\/\/unionprofesionaldegalicia.org\/aviso-legal\/","url":"https:\/\/unionprofesionaldegalicia.org\/aviso-legal\/","name":"Aviso legal - Uni\u00f3n Profesional de Galicia","isPartOf":{"@id":"https:\/\/unionprofesionaldegalicia.org\/#website"},"datePublished":"2025-03-19T13:14:46+00:00","dateModified":"2025-03-19T13:22:25+00:00","breadcrumb":{"@id":"https:\/\/unionprofesionaldegalicia.org\/aviso-legal\/#breadcrumb"},"inLanguage":"gl-ES","potentialAction":[{"@type":"ReadAction","target":["https:\/\/unionprofesionaldegalicia.org\/aviso-legal\/"]}]},{"@type":"BreadcrumbList","@id":"https:\/\/unionprofesionaldegalicia.org\/aviso-legal\/#breadcrumb","itemListElement":[{"@type":"ListItem","position":1,"name":"Portada","item":"https:\/\/unionprofesionaldegalicia.org\/"},{"@type":"ListItem","position":2,"name":"Aviso legal"}]},{"@type":"WebSite","@id":"https:\/\/unionprofesionaldegalicia.org\/#website","url":"https:\/\/unionprofesionaldegalicia.org\/","name":"Uni\u00f3n Profesional de Galicia","description":"La Uni\u00f3n Profesional de Galicia es la entidad que agrupa a 44 colegios profesionales y act\u00faa como nexo entre ellos y la Administraci\u00f3n para impulsar iniciativas que fortalecen el ejercicio profesional y mejoran la actividad judicial.","publisher":{"@id":"https:\/\/unionprofesionaldegalicia.org\/#organization"},"potentialAction":[{"@type":"SearchAction","target":{"@type":"EntryPoint","urlTemplate":"https:\/\/unionprofesionaldegalicia.org\/?s={search_term_string}"},"query-input":{"@type":"PropertyValueSpecification","valueRequired":true,"valueName":"search_term_string"}}],"inLanguage":"gl-ES"},{"@type":"Organization","@id":"https:\/\/unionprofesionaldegalicia.org\/#organization","name":"Uni\u00f3n Profesional de Galicia","url":"https:\/\/unionprofesionaldegalicia.org\/","logo":{"@type":"ImageObject","inLanguage":"gl-ES","@id":"https:\/\/unionprofesionaldegalicia.org\/#\/schema\/logo\/image\/","url":"https:\/\/unionprofesionaldegalicia.org\/wp-content\/uploads\/2024\/12\/Logo-Union-Profesional.jpg","contentUrl":"https:\/\/unionprofesionaldegalicia.org\/wp-content\/uploads\/2024\/12\/Logo-Union-Profesional.jpg","width":200,"height":71,"caption":"Uni\u00f3n Profesional de Galicia"},"image":{"@id":"https:\/\/unionprofesionaldegalicia.org\/#\/schema\/logo\/image\/"}}]}},"_links":{"self":[{"href":"https:\/\/unionprofesionaldegalicia.org\/gl\/wp-json\/wp\/v2\/pages\/875","targetHints":{"allow":["GET"]}}],"collection":[{"href":"https:\/\/unionprofesionaldegalicia.org\/gl\/wp-json\/wp\/v2\/pages"}],"about":[{"href":"https:\/\/unionprofesionaldegalicia.org\/gl\/wp-json\/wp\/v2\/types\/page"}],"author":[{"embeddable":true,"href":"https:\/\/unionprofesionaldegalicia.org\/gl\/wp-json\/wp\/v2\/users\/2"}],"replies":[{"embeddable":true,"href":"https:\/\/unionprofesionaldegalicia.org\/gl\/wp-json\/wp\/v2\/comments?post=875"}],"version-history":[{"count":3,"href":"https:\/\/unionprofesionaldegalicia.org\/gl\/wp-json\/wp\/v2\/pages\/875\/revisions"}],"predecessor-version":[{"id":1282,"href":"https:\/\/unionprofesionaldegalicia.org\/gl\/wp-json\/wp\/v2\/pages\/875\/revisions\/1282"}],"wp:attachment":[{"href":"https:\/\/unionprofesionaldegalicia.org\/gl\/wp-json\/wp\/v2\/media?parent=875"}],"curies":[{"name":"wp","href":"https:\/\/api.w.org\/{rel}","templated":true}]}}